{"id":13,"date":"2025-09-19T21:58:13","date_gmt":"2025-09-19T19:58:13","guid":{"rendered":"https:\/\/adi-med.de\/?page_id=13"},"modified":"2025-10-01T17:31:03","modified_gmt":"2025-10-01T15:31:03","slug":"impressum","status":"publish","type":"page","link":"https:\/\/adi-med.de\/?page_id=13","title":{"rendered":"Impressum"},"content":{"rendered":"\n<h2 class=\"wp-block-heading\"><strong>Angaben gem\u00e4\u00df \u00a7 5 TMG<\/strong><\/h2>\n\n\n\n<p>AdiMed Kranken- und Rollstuhlfahrten<br>Inh. Semiha Emine G\u00fcven<br>Altenrather Str. 42<br>53797 Lohmar<\/p>\n\n\n\n<p>Telefon: 0175 4903589<br>E-Mail: <a>impressum@adi-med.de<\/a><\/p>\n\n\n\n<p>USt-IdNr.: DE457010964<\/p>\n\n\n\n<hr class=\"wp-block-separator has-alpha-channel-opacity\"\/>\n\n\n\n<h3 class=\"wp-block-heading\">Aufsichtsbeh\u00f6rde \/ Genehmigung<\/h3>\n\n\n\n<p>Genehmigung nach \u00a7 49 Personenbef\u00f6rderungsgesetz (PBefG) \u2013 Mietwagen-Konzession, erteilt durch:<\/p>\n\n\n\n<p>Stadt Siegburg<br>Verkehrssicherung<br>53721 Siegburg<\/p>\n\n\n\n<hr class=\"wp-block-separator has-alpha-channel-opacity\"\/>\n\n\n\n<h3 class=\"wp-block-heading\">Verantwortlich f\u00fcr den Inhalt nach \u00a7 55 Abs. 2 RStV<\/h3>\n\n\n\n<p>Semiha Emine G\u00fcven<br>Altenrather Str. 42<br>53797 Lohmar<\/p>\n\n\n\n<hr class=\"wp-block-separator has-alpha-channel-opacity\"\/>\n\n\n\n<h3 class=\"wp-block-heading\">Haftungsausschluss<\/h3>\n\n\n\n<p><strong>Haftung f\u00fcr Inhalte<\/strong><br>Die Inhalte unserer Seiten wurden mit gr\u00f6\u00dfter Sorgfalt erstellt. F\u00fcr die Richtigkeit, Vollst\u00e4ndigkeit und Aktualit\u00e4t der Inhalte k\u00f6nnen wir jedoch keine Gew\u00e4hr \u00fcbernehmen.<\/p>\n\n\n\n<p><strong>Haftung f\u00fcr Links<\/strong><br>Unser Angebot enth\u00e4lt Links zu externen Webseiten Dritter, auf deren Inhalte wir keinen Einfluss haben. Deshalb k\u00f6nnen wir f\u00fcr diese fremden Inhalte auch keine Gew\u00e4hr \u00fcbernehmen. F\u00fcr die Inhalte der verlinkten Seiten ist stets der jeweilige Anbieter oder Betreiber verantwortlich.<\/p>\n\n\n\n<hr class=\"wp-block-separator has-alpha-channel-opacity\"\/>\n\n\n\n<h3 class=\"wp-block-heading\">Urheberrecht<\/h3>\n\n\n\n<p>Die durch die Seitenbetreiber erstellten Inhalte und Werke auf diesen Seiten unterliegen dem deutschen Urheberrecht. Beitr\u00e4ge Dritter sind als solche gekennzeichnet.<\/p>\n","protected":false},"excerpt":{"rendered":"<p>Angaben gem\u00e4\u00df \u00a7 5 TMG AdiMed Kranken- und RollstuhlfahrtenInh. Semiha Emine G\u00fcvenAltenrather Str. 4253797 Lohmar Telefon: 0175 4903589E-Mail: impressum@adi-med.de USt-IdNr.: DE457010964 Aufsichtsbeh\u00f6rde \/ Genehmigung Genehmigung nach \u00a7 49 Personenbef\u00f6rderungsgesetz (PBefG) \u2013 Mietwagen-Konzession, erteilt durch: Stadt SiegburgVerkehrssicherung53721 Siegburg Verantwortlich f\u00fcr den Inhalt nach \u00a7 55 Abs. 2 RStV Semiha Emine G\u00fcvenAltenrather Str. 4253797 Lohmar Haftungsausschluss Haftung [&hellip;]<\/p>\n","protected":false},"author":1,"featured_media":0,"parent":0,"menu_order":0,"comment_status":"closed","ping_status":"closed","template":"","meta":{"footnotes":""},"class_list":["post-13","page","type-page","status-publish","hentry"],"_links":{"self":[{"href":"https:\/\/adi-med.de\/index.php?rest_route=\/wp\/v2\/pages\/13","targetHints":{"allow":["GET"]}}],"collection":[{"href":"https:\/\/adi-med.de\/index.php?rest_route=\/wp\/v2\/pages"}],"about":[{"href":"https:\/\/adi-med.de\/index.php?rest_route=\/wp\/v2\/types\/page"}],"author":[{"embeddable":true,"href":"https:\/\/adi-med.de\/index.php?rest_route=\/wp\/v2\/users\/1"}],"replies":[{"embeddable":true,"href":"https:\/\/adi-med.de\/index.php?rest_route=%2Fwp%2Fv2%2Fcomments&post=13"}],"version-history":[{"count":2,"href":"https:\/\/adi-med.de\/index.php?rest_route=\/wp\/v2\/pages\/13\/revisions"}],"predecessor-version":[{"id":61,"href":"https:\/\/adi-med.de\/index.php?rest_route=\/wp\/v2\/pages\/13\/revisions\/61"}],"wp:attachment":[{"href":"https:\/\/adi-med.de\/index.php?rest_route=%2Fwp%2Fv2%2Fmedia&parent=13"}],"curies":[{"name":"wp","href":"https:\/\/api.w.org\/{rel}","templated":true}]}}